{"id":1296,"date":"2026-02-26T17:38:45","date_gmt":"2026-02-26T20:38:45","guid":{"rendered":"https:\/\/vsgroup.com.br\/?page_id=1296"},"modified":"2026-02-27T12:31:08","modified_gmt":"2026-02-27T15:31:08","slug":"lgpd","status":"publish","type":"page","link":"https:\/\/vsgroup.com.br\/?page_id=1296","title":{"rendered":"LGPD"},"content":{"rendered":"\t\t<div data-elementor-type=\"wp-page\" data-elementor-id=\"1296\" class=\"elementor elementor-1296\">\n\t\t\t\t\t\t<section class=\"elementor-section elementor-top-section elementor-element elementor-element-390e0971 elementor-section-height-min-height elementor-section-content-middle elementor-section-boxed elementor-section-height-default elementor-section-items-middle wpr-particle-no wpr-jarallax-no wpr-parallax-no wpr-sticky-section-no wpr-equal-height-no\" data-id=\"390e0971\" data-element_type=\"section\" data-e-type=\"section\" data-settings=\"{&quot;background_background&quot;:&quot;classic&quot;}\">\n\t\t\t\t\t\t\t<div class=\"elementor-background-overlay\"><\/div>\n\t\t\t\t\t\t\t<div class=\"elementor-container elementor-column-gap-default\">\n\t\t\t\t\t<div class=\"elementor-column elementor-col-100 elementor-top-column elementor-element elementor-element-b70e7ba\" data-id=\"b70e7ba\" data-element_type=\"column\" data-e-type=\"column\">\n\t\t\t<div class=\"elementor-widget-wrap\">\n\t\t\t\t\t\t\t<\/div>\n\t\t<\/div>\n\t\t\t\t\t<\/div>\n\t\t<\/section>\n\t\t\t\t<section class=\"elementor-section elementor-top-section elementor-element elementor-element-7a4d4742 elementor-section-boxed elementor-section-height-default elementor-section-height-default wpr-particle-no wpr-jarallax-no wpr-parallax-no wpr-sticky-section-no wpr-equal-height-no\" data-id=\"7a4d4742\" data-element_type=\"section\" data-e-type=\"section\">\n\t\t\t\t\t\t<div class=\"elementor-container elementor-column-gap-default\">\n\t\t\t\t\t<div class=\"elementor-column elementor-col-100 elementor-top-column elementor-element elementor-element-3463f78b\" data-id=\"3463f78b\" data-element_type=\"column\" data-e-type=\"column\">\n\t\t\t<div class=\"elementor-widget-wrap elementor-element-populated\">\n\t\t\t\t\t\t<section class=\"elementor-section elementor-inner-section elementor-element elementor-element-1d05b18f elementor-section-boxed elementor-section-height-default elementor-section-height-default wpr-particle-no wpr-jarallax-no wpr-parallax-no wpr-sticky-section-no wpr-equal-height-no\" data-id=\"1d05b18f\" data-element_type=\"section\" data-e-type=\"section\" data-settings=\"{&quot;background_background&quot;:&quot;classic&quot;}\">\n\t\t\t\t\t\t<div class=\"elementor-container elementor-column-gap-extended\">\n\t\t\t\t\t<div class=\"elementor-column elementor-col-50 elementor-inner-column elementor-element elementor-element-3fe75df3\" data-id=\"3fe75df3\" data-element_type=\"column\" data-e-type=\"column\">\n\t\t\t<div class=\"elementor-widget-wrap elementor-element-populated\">\n\t\t\t\t\t\t<div class=\"elementor-element elementor-element-2192e86a elementor-widget elementor-widget-heading\" data-id=\"2192e86a\" data-element_type=\"widget\" data-e-type=\"widget\" data-widget_type=\"heading.default\">\n\t\t\t\t<div class=\"elementor-widget-container\">\n\t\t\t\t\t<h3 class=\"elementor-heading-title elementor-size-default\">LGPD: Compromisso com a privacidade dos seus dados<\/h3>\t\t\t\t<\/div>\n\t\t\t\t<\/div>\n\t\t\t\t<div class=\"elementor-element elementor-element-92aa2b1 elementor-widget-divider--view-line elementor-widget elementor-widget-divider\" data-id=\"92aa2b1\" data-element_type=\"widget\" data-e-type=\"widget\" data-widget_type=\"divider.default\">\n\t\t\t\t<div class=\"elementor-widget-container\">\n\t\t\t\t\t\t\t<div class=\"elementor-divider\">\n\t\t\t<span class=\"elementor-divider-separator\">\n\t\t\t\t\t\t<\/span>\n\t\t<\/div>\n\t\t\t\t\t\t<\/div>\n\t\t\t\t<\/div>\n\t\t\t\t<div class=\"elementor-element elementor-element-3bbe7f75 elementor-widget elementor-widget-text-editor\" data-id=\"3bbe7f75\" data-element_type=\"widget\" data-e-type=\"widget\" data-widget_type=\"text-editor.default\">\n\t\t\t\t<div class=\"elementor-widget-container\">\n\t\t\t\t\t\t\t\t\t<p>A VSGroup tem o m\u00e1ximo respeito por todos os dados pessoais que emprega qualquer tipo de tratamento, pois entende que eles s\u00e3o os bens mais valiosos de um indiv\u00edduo. Pensando nisso, disponibilizamos o Canal de Atendimento LGPD onde qualquer pessoa interessada em obter informa\u00e7\u00f5es a respeito de seus dados, possa se informar e exercer seus direitos previstos na Lei Geral de Prote\u00e7\u00e3o de Dados (Lei n\u00ba 13.709\/2018, \u201cLGPD\u201d).<\/p>\t\t\t\t\t\t\t\t<\/div>\n\t\t\t\t<\/div>\n\t\t\t\t<div class=\"elementor-element elementor-element-8c80fb8 elementor-widget elementor-widget-button\" data-id=\"8c80fb8\" data-element_type=\"widget\" data-e-type=\"widget\" data-widget_type=\"button.default\">\n\t\t\t\t<div class=\"elementor-widget-container\">\n\t\t\t\t\t\t\t\t\t<div class=\"elementor-button-wrapper\">\n\t\t\t\t\t<a class=\"elementor-button elementor-button-link elementor-size-sm\" href=\"https:\/\/drive.google.com\/file\/d\/1KSXxzRdVFQFhmOhgIj2VqY7EmaIxfXKL\/view?usp=drive_link\">\n\t\t\t\t\t\t<span class=\"elementor-button-content-wrapper\">\n\t\t\t\t\t\t\t\t\t<span class=\"elementor-button-text\">Clique aqui para baixar<\/span>\n\t\t\t\t\t<\/span>\n\t\t\t\t\t<\/a>\n\t\t\t\t<\/div>\n\t\t\t\t\t\t\t\t<\/div>\n\t\t\t\t<\/div>\n\t\t\t\t\t<\/div>\n\t\t<\/div>\n\t\t\t\t<div class=\"elementor-column elementor-col-50 elementor-inner-column elementor-element elementor-element-433fbe73\" data-id=\"433fbe73\" data-element_type=\"column\" data-e-type=\"column\">\n\t\t\t<div class=\"elementor-widget-wrap elementor-element-populated\">\n\t\t\t\t\t\t<div class=\"elementor-element elementor-element-5f9e47c elementor-widget elementor-widget-image\" data-id=\"5f9e47c\" data-element_type=\"widget\" data-e-type=\"widget\" data-widget_type=\"image.default\">\n\t\t\t\t<div class=\"elementor-widget-container\">\n\t\t\t\t\t\t\t\t\t\t\t\t\t\t\t<img fetchpriority=\"high\" decoding=\"async\" width=\"960\" height=\"640\" src=\"https:\/\/vsgroup.com.br\/wp-content\/uploads\/2023\/09\/front-view-colleague-work-looking-laptop-1024x683.jpg\" class=\"attachment-large size-large wp-image-13\" alt=\"\" srcset=\"https:\/\/vsgroup.com.br\/wp-content\/uploads\/2023\/09\/front-view-colleague-work-looking-laptop-1024x683.jpg 1024w, https:\/\/vsgroup.com.br\/wp-content\/uploads\/2023\/09\/front-view-colleague-work-looking-laptop-300x200.jpg 300w, https:\/\/vsgroup.com.br\/wp-content\/uploads\/2023\/09\/front-view-colleague-work-looking-laptop-768x513.jpg 768w, https:\/\/vsgroup.com.br\/wp-content\/uploads\/2023\/09\/front-view-colleague-work-looking-laptop-1536x1025.jpg 1536w, https:\/\/vsgroup.com.br\/wp-content\/uploads\/2023\/09\/front-view-colleague-work-looking-laptop-2048x1367.jpg 2048w\" sizes=\"(max-width: 960px) 100vw, 960px\" \/>\t\t\t\t\t\t\t\t\t\t\t\t\t\t\t<\/div>\n\t\t\t\t<\/div>\n\t\t\t\t\t<\/div>\n\t\t<\/div>\n\t\t\t\t\t<\/div>\n\t\t<\/section>\n\t\t\t\t\t<\/div>\n\t\t<\/div>\n\t\t\t\t\t<\/div>\n\t\t<\/section>\n\t\t\t\t<\/div>\n\t\t","protected":false},"excerpt":{"rendered":"<p>LGPD: Compromisso com a privacidade dos seus dados A VSGroup tem o m\u00e1ximo respeito por todos os dados pessoais que emprega qualquer tipo de tratamento, pois entende que eles s\u00e3o os bens mais valiosos de um indiv\u00edduo. Pensando nisso, disponibilizamos o Canal de Atendimento LGPD onde qualquer pessoa interessada em obter informa\u00e7\u00f5es a respeito de seus dados, possa se informar e exercer seus direitos previstos na Lei Geral de Prote\u00e7\u00e3o de Dados (Lei n\u00ba 13.709\/2018, \u201cLGPD\u201d). Clique aqui para baixar<\/p>\n","protected":false},"author":1,"featured_media":0,"parent":0,"menu_order":0,"comment_status":"closed","ping_status":"closed","template":"elementor_canvas","meta":{"footnotes":""},"class_list":["post-1296","page","type-page","status-publish","hentry"],"_links":{"self":[{"href":"https:\/\/vsgroup.com.br\/index.php?rest_route=\/wp\/v2\/pages\/1296","targetHints":{"allow":["GET"]}}],"collection":[{"href":"https:\/\/vsgroup.com.br\/index.php?rest_route=\/wp\/v2\/pages"}],"about":[{"href":"https:\/\/vsgroup.com.br\/index.php?rest_route=\/wp\/v2\/types\/page"}],"author":[{"embeddable":true,"href":"https:\/\/vsgroup.com.br\/index.php?rest_route=\/wp\/v2\/users\/1"}],"replies":[{"embeddable":true,"href":"https:\/\/vsgroup.com.br\/index.php?rest_route=%2Fwp%2Fv2%2Fcomments&post=1296"}],"version-history":[{"count":7,"href":"https:\/\/vsgroup.com.br\/index.php?rest_route=\/wp\/v2\/pages\/1296\/revisions"}],"predecessor-version":[{"id":1305,"href":"https:\/\/vsgroup.com.br\/index.php?rest_route=\/wp\/v2\/pages\/1296\/revisions\/1305"}],"wp:attachment":[{"href":"https:\/\/vsgroup.com.br\/index.php?rest_route=%2Fwp%2Fv2%2Fmedia&parent=1296"}],"curies":[{"name":"wp","href":"https:\/\/api.w.org\/{rel}","templated":true}]}}